{"id":465,"date":"2024-01-19T11:16:43","date_gmt":"2024-01-19T11:16:43","guid":{"rendered":"https:\/\/prevozi-veda.com\/kombi-prevozi\/"},"modified":"2024-06-06T08:20:21","modified_gmt":"2024-06-06T07:20:21","slug":"noleggio-con-conducente","status":"publish","type":"page","link":"https:\/\/prevozi-veda.com\/it\/noleggio-con-conducente\/","title":{"rendered":"Noleggio con conducente"},"content":{"rendered":"\n<p>Per gruppi fino a 8 persone il trasporto in furgone \u00e8 la soluzione migliore. Arrivare a destinazione \u00e8 pi\u00f9 veloce ed economico con un furgone che con un autobus. I pedaggi sono pi\u00f9 bassi e le tariffe dei parcheggi sono pi\u00f9 economiche.<\/p>\n\n\n\n<p>Tutti i veicoli sono perfettamente attrezzati e immacolati e gli autisti sono cordiali ed esperti.<\/p>\n\n\n\n<p><strong>Trasporto con furgoni:<\/strong><\/p>\n\n\n\n<ul class=\"wp-block-list\">\n<li><strong>Trasferimenti verso aeroporti e porti:<\/strong> il trasferimento \u00e8 solitamente pi\u00f9 economico del costo del pagamento del parcheggio, il tuo veicolo \u00e8 al sicuro e puoi viaggiare senza preoccupazioni.<\/li>\n\n\n\n<li><strong>Trasporto alle feste:<\/strong> lascia che il tuo compleanno o anniversario sia senza conseguenze spiacevoli per gli invitati. In questo modo tutti i tuoi amici potranno rilassarsi e divertirsi, senza preoccuparsi di come tornare a casa dopo la festa.<\/li>\n\n\n\n<li><strong>Gite di uno o pi\u00f9 giorni:<\/strong> vi portiamo in giro per l'Europa e la Slovenia. Suggeriamo i percorsi migliori.<\/li>\n<\/ul>\n\n\n\n<p>Ordina un\u00a0<strong><a href=\"https:\/\/prevozi-veda.com\/it\/calcolo\/\">calcolo informativo<\/a>\u00a0<\/strong>o chiamaci al <strong><a href=\"tel:0038641704528\">+386 41 704 528<\/a><\/strong> o scrivici a:<br><a href=\"mailto:info@prevozi-veda.com\"><strong>info@prevozi-veda.com<\/strong><\/a><\/p>\n","protected":false},"excerpt":{"rendered":"<p>Per gruppi fino a 8 persone il trasporto in furgone \u00e8 la soluzione migliore. Arrivare a destinazione \u00e8 pi\u00f9 veloce ed economico con un furgone che con un autobus. I pedaggi sono pi\u00f9 bassi e le tariffe dei parcheggi sono pi\u00f9 economiche. Tutti i veicoli sono perfettamente attrezzati e immacolati e gli autisti sono cordiali [&hellip;]<\/p>\n","protected":false},"author":1,"featured_media":328,"parent":0,"menu_order":0,"comment_status":"closed","ping_status":"closed","template":"","meta":{"_acf_changed":false,"footnotes":""},"class_list":["post-465","page","type-page","status-publish","has-post-thumbnail","hentry"],"acf":[],"yoast_head":"<!-- This site is optimized with the Yoast SEO plugin v26.1.1 - https:\/\/yoast.com\/wordpress\/plugins\/seo\/ -->\n<title>Noleggio con conducente - Veda Bus<\/title>\n<meta name=\"robots\" content=\"index, follow, max-snippet:-1, max-image-preview:large, max-video-preview:-1\" \/>\n<link rel=\"canonical\" href=\"https:\/\/prevozi-veda.com\/it\/noleggio-con-conducente\/\" \/>\n<meta property=\"og:locale\" content=\"it_IT\" \/>\n<meta property=\"og:type\" content=\"article\" \/>\n<meta property=\"og:title\" content=\"Noleggio con conducente - Veda Bus\" \/>\n<meta property=\"og:description\" content=\"Per gruppi fino a 8 persone il trasporto in furgone \u00e8 la soluzione migliore. Arrivare a destinazione \u00e8 pi\u00f9 veloce ed economico con un furgone che con un autobus. I pedaggi sono pi\u00f9 bassi e le tariffe dei parcheggi sono pi\u00f9 economiche. Tutti i veicoli sono perfettamente attrezzati e immacolati e gli autisti sono cordiali [&hellip;]\" \/>\n<meta property=\"og:url\" content=\"https:\/\/prevozi-veda.com\/it\/noleggio-con-conducente\/\" \/>\n<meta property=\"og:site_name\" content=\"Veda Bus\" \/>\n<meta property=\"article:modified_time\" content=\"2024-06-06T07:20:21+00:00\" \/>\n<meta property=\"og:image\" content=\"https:\/\/prevozi-veda.com\/wp-content\/uploads\/2024\/02\/49.jpg\" \/>\n\t<meta property=\"og:image:width\" content=\"669\" \/>\n\t<meta property=\"og:image:height\" content=\"446\" \/>\n\t<meta property=\"og:image:type\" content=\"image\/jpeg\" \/>\n<meta name=\"twitter:card\" content=\"summary_large_image\" \/>\n<meta name=\"twitter:label1\" content=\"Tempo di lettura stimato\" \/>\n\t<meta name=\"twitter:data1\" content=\"2 minuti\" \/>\n<script type=\"application\/ld+json\" class=\"yoast-schema-graph\">{\"@context\":\"https:\/\/schema.org\",\"@graph\":[{\"@type\":\"WebPage\",\"@id\":\"https:\/\/prevozi-veda.com\/it\/noleggio-con-conducente\/\",\"url\":\"https:\/\/prevozi-veda.com\/it\/noleggio-con-conducente\/\",\"name\":\"Noleggio con conducente - Veda Bus\",\"isPartOf\":{\"@id\":\"https:\/\/prevozi-veda.com\/it\/#website\"},\"primaryImageOfPage\":{\"@id\":\"https:\/\/prevozi-veda.com\/it\/noleggio-con-conducente\/#primaryimage\"},\"image\":{\"@id\":\"https:\/\/prevozi-veda.com\/it\/noleggio-con-conducente\/#primaryimage\"},\"thumbnailUrl\":\"https:\/\/prevozi-veda.com\/wp-content\/uploads\/2024\/02\/49.jpg\",\"datePublished\":\"2024-01-19T11:16:43+00:00\",\"dateModified\":\"2024-06-06T07:20:21+00:00\",\"breadcrumb\":{\"@id\":\"https:\/\/prevozi-veda.com\/it\/noleggio-con-conducente\/#breadcrumb\"},\"inLanguage\":\"it-IT\",\"potentialAction\":[{\"@type\":\"ReadAction\",\"target\":[\"https:\/\/prevozi-veda.com\/it\/noleggio-con-conducente\/\"]}]},{\"@type\":\"ImageObject\",\"inLanguage\":\"it-IT\",\"@id\":\"https:\/\/prevozi-veda.com\/it\/noleggio-con-conducente\/#primaryimage\",\"url\":\"https:\/\/prevozi-veda.com\/wp-content\/uploads\/2024\/02\/49.jpg\",\"contentUrl\":\"https:\/\/prevozi-veda.com\/wp-content\/uploads\/2024\/02\/49.jpg\",\"width\":669,\"height\":446},{\"@type\":\"BreadcrumbList\",\"@id\":\"https:\/\/prevozi-veda.com\/it\/noleggio-con-conducente\/#breadcrumb\",\"itemListElement\":[{\"@type\":\"ListItem\",\"position\":1,\"name\":\"Home\",\"item\":\"https:\/\/prevozi-veda.com\/it\/\"},{\"@type\":\"ListItem\",\"position\":2,\"name\":\"Noleggio con conducente\"}]},{\"@type\":\"WebSite\",\"@id\":\"https:\/\/prevozi-veda.com\/it\/#website\",\"url\":\"https:\/\/prevozi-veda.com\/it\/\",\"name\":\"Veda Bus\",\"description\":\"\",\"potentialAction\":[{\"@type\":\"SearchAction\",\"target\":{\"@type\":\"EntryPoint\",\"urlTemplate\":\"https:\/\/prevozi-veda.com\/it\/?s={search_term_string}\"},\"query-input\":{\"@type\":\"PropertyValueSpecification\",\"valueRequired\":true,\"valueName\":\"search_term_string\"}}],\"inLanguage\":\"it-IT\"}]}<\/script>\n<!-- \/ Yoast SEO plugin. -->","yoast_head_json":{"title":"Noleggio con conducente - Veda Bus","robots":{"index":"index","follow":"follow","max-snippet":"max-snippet:-1","max-image-preview":"max-image-preview:large","max-video-preview":"max-video-preview:-1"},"canonical":"https:\/\/prevozi-veda.com\/it\/noleggio-con-conducente\/","og_locale":"it_IT","og_type":"article","og_title":"Noleggio con conducente - Veda Bus","og_description":"Per gruppi fino a 8 persone il trasporto in furgone \u00e8 la soluzione migliore. Arrivare a destinazione \u00e8 pi\u00f9 veloce ed economico con un furgone che con un autobus. I pedaggi sono pi\u00f9 bassi e le tariffe dei parcheggi sono pi\u00f9 economiche. Tutti i veicoli sono perfettamente attrezzati e immacolati e gli autisti sono cordiali [&hellip;]","og_url":"https:\/\/prevozi-veda.com\/it\/noleggio-con-conducente\/","og_site_name":"Veda Bus","article_modified_time":"2024-06-06T07:20:21+00:00","og_image":[{"width":669,"height":446,"url":"https:\/\/prevozi-veda.com\/wp-content\/uploads\/2024\/02\/49.jpg","type":"image\/jpeg"}],"twitter_card":"summary_large_image","twitter_misc":{"Tempo di lettura stimato":"2 minuti"},"schema":{"@context":"https:\/\/schema.org","@graph":[{"@type":"WebPage","@id":"https:\/\/prevozi-veda.com\/it\/noleggio-con-conducente\/","url":"https:\/\/prevozi-veda.com\/it\/noleggio-con-conducente\/","name":"Noleggio con conducente - Veda Bus","isPartOf":{"@id":"https:\/\/prevozi-veda.com\/it\/#website"},"primaryImageOfPage":{"@id":"https:\/\/prevozi-veda.com\/it\/noleggio-con-conducente\/#primaryimage"},"image":{"@id":"https:\/\/prevozi-veda.com\/it\/noleggio-con-conducente\/#primaryimage"},"thumbnailUrl":"https:\/\/prevozi-veda.com\/wp-content\/uploads\/2024\/02\/49.jpg","datePublished":"2024-01-19T11:16:43+00:00","dateModified":"2024-06-06T07:20:21+00:00","breadcrumb":{"@id":"https:\/\/prevozi-veda.com\/it\/noleggio-con-conducente\/#breadcrumb"},"inLanguage":"it-IT","potentialAction":[{"@type":"ReadAction","target":["https:\/\/prevozi-veda.com\/it\/noleggio-con-conducente\/"]}]},{"@type":"ImageObject","inLanguage":"it-IT","@id":"https:\/\/prevozi-veda.com\/it\/noleggio-con-conducente\/#primaryimage","url":"https:\/\/prevozi-veda.com\/wp-content\/uploads\/2024\/02\/49.jpg","contentUrl":"https:\/\/prevozi-veda.com\/wp-content\/uploads\/2024\/02\/49.jpg","width":669,"height":446},{"@type":"BreadcrumbList","@id":"https:\/\/prevozi-veda.com\/it\/noleggio-con-conducente\/#breadcrumb","itemListElement":[{"@type":"ListItem","position":1,"name":"Home","item":"https:\/\/prevozi-veda.com\/it\/"},{"@type":"ListItem","position":2,"name":"Noleggio con conducente"}]},{"@type":"WebSite","@id":"https:\/\/prevozi-veda.com\/it\/#website","url":"https:\/\/prevozi-veda.com\/it\/","name":"Veda Bus","description":"","potentialAction":[{"@type":"SearchAction","target":{"@type":"EntryPoint","urlTemplate":"https:\/\/prevozi-veda.com\/it\/?s={search_term_string}"},"query-input":{"@type":"PropertyValueSpecification","valueRequired":true,"valueName":"search_term_string"}}],"inLanguage":"it-IT"}]}},"_links":{"self":[{"href":"https:\/\/prevozi-veda.com\/it\/wp-json\/wp\/v2\/pages\/465","targetHints":{"allow":["GET"]}}],"collection":[{"href":"https:\/\/prevozi-veda.com\/it\/wp-json\/wp\/v2\/pages"}],"about":[{"href":"https:\/\/prevozi-veda.com\/it\/wp-json\/wp\/v2\/types\/page"}],"author":[{"embeddable":true,"href":"https:\/\/prevozi-veda.com\/it\/wp-json\/wp\/v2\/users\/1"}],"replies":[{"embeddable":true,"href":"https:\/\/prevozi-veda.com\/it\/wp-json\/wp\/v2\/comments?post=465"}],"version-history":[{"count":2,"href":"https:\/\/prevozi-veda.com\/it\/wp-json\/wp\/v2\/pages\/465\/revisions"}],"predecessor-version":[{"id":504,"href":"https:\/\/prevozi-veda.com\/it\/wp-json\/wp\/v2\/pages\/465\/revisions\/504"}],"wp:featuredmedia":[{"embeddable":true,"href":"https:\/\/prevozi-veda.com\/it\/wp-json\/wp\/v2\/media\/328"}],"wp:attachment":[{"href":"https:\/\/prevozi-veda.com\/it\/wp-json\/wp\/v2\/media?parent=465"}],"curies":[{"name":"wp","href":"https:\/\/api.w.org\/{rel}","templated":true}]}}