{"id":482,"date":"2024-03-20T09:28:31","date_gmt":"2024-03-20T08:28:31","guid":{"rendered":"https:\/\/prevozi-veda.com\/politika-zasebnosti\/"},"modified":"2024-05-17T12:54:40","modified_gmt":"2024-05-17T11:54:40","slug":"politica-sulla-riservatezza","status":"publish","type":"page","link":"https:\/\/prevozi-veda.com\/it\/politica-sulla-riservatezza\/","title":{"rendered":"Politica sulla riservatezza"},"content":{"rendered":"\n<p>Splo\u0161ni pogoji storitev podjetja VE.DA.PLUS d.o.o.<\/p>\n\n\n\n<p>Ponudba: prevoz oseb, najem vozila z voznikom, najem voznika<\/p>\n\n\n\n<p>IZVAJALEC STORITEV: <strong>VE.DA.PLUS&nbsp; d.o.o.<\/strong> (v nadaljevanju izvajalec), \u017digoni 25,5292 Ren\u010de, Slovenija, SI 80285562<\/p>\n\n\n\n<p><\/p>\n\n\n\n<p><\/p>\n\n\n\n<h3 class=\"wp-block-heading\">1. \u010dlen \u2013\u00a0 IZVAJALEC<\/h3>\n\n\n\n<p>Izvajalec VE.DA.PLUS d,o,o,- prevoze izvaja storitve z vozili po veljavnih predpisih, ki urejajo podro\u010dje storitev. Skladno s tem izda splo\u0161ne pogoje storitev, ki so temelj vsake opravljene\u00a0 storitve.<\/p>\n\n\n\n<p>Izvajalec ne opravlja prevozov mladoletnih oseb brez spremstva ali pooblastila skrbnika.<\/p>\n\n\n\n<p><\/p>\n\n\n\n<p><\/p>\n\n\n\n<h3 class=\"wp-block-heading\">2. \u010dlen \u2013 NARO\u010cNIK<\/h3>\n\n\n\n<p>Naro\u010dnik je vsaka pogodbena stranka oz. naro\u010dnik storitve katero nudi izvajalec oziroma prevoznik. Naro\u010dnik je hkrati tudi pla\u010dnik storitve.<\/p>\n\n\n\n<p>Naro\u010dnik prevoza koristi kapacitete vozila skladno s specifikacijo navedeno v splo\u0161nih pogojih. Izvajalec ni obvezen nuditi storitev nikomur, ki ne sogla\u0161a s temi splo\u0161nimi pogoji.<\/p>\n\n\n\n<p><\/p>\n\n\n\n<p><\/p>\n\n\n\n<h3 class=\"wp-block-heading\">3. \u010dlen \u2013 REZERVACIJA<\/h3>\n\n\n\n<p>Rezervacija je potrjena, ko izvajalec za omenjeno storitev prejme dogovorjeno, \u010de se tako pogodbeni stranki dogovorita, akontacijo za prevoz. Veljavne so le tiste rezervacije storitev, ki jih izvajalec tudi pisno potrdi.<\/p>\n\n\n\n<p>Rok za pla\u010dilo akontacije je naveden v ponudbi.<\/p>\n\n\n\n<p>Potrjena rezervacija vsebuje podatke naro\u010dnika, \u0161tevilo oseb, potrditev zahtevanega termina, lokacije vstopa oziroma za\u010detka poti, lokacija kon\u010dne poti ter fiksno dolo\u010deno ceno za rezervirano storitev.<\/p>\n\n\n\n<p>Nepotrjena rezervacija za izvajalca ni zavezujo\u010da.<\/p>\n\n\n\n<p><\/p>\n\n\n\n<p><\/p>\n\n\n\n<h3 class=\"wp-block-heading\">4. \u010dlen - EKONOMSKI PREVOZ\u00a0 <\/h3>\n\n\n\n<p>Ekonomski prevoz pomeni cenovno ugoden prevoz, pri tovrstnem prevozu lahko pride do zdru\u017eevanja potnikov, \u010dakanja ter postankov na posameznih naslovih, hotelih, penzionih ali doma\u010dih naslovih. Ura odhoda in prihoda se lahko prilagaja ostalim potnikom, ki so rezervirali prevoz. Odhodno mesto je samo eno in ga dolo\u010di prevoznik\u00a0\u00a0 upo\u0161tevajo\u010d vse potnike kateri bodo udele\u017eeni v prevozu.\u00a0 Mo\u017enost dopla\u010dila za prevoz z naslova potnika.<\/p>\n\n\n\n<p>VIP&nbsp; prevoz je namenjen tistim potnikom, ki si zelijo svoj prevoz prilagoditi svojim potrebam. Naro\u010dilo takega prevoza se vr\u0161i preko telefona in pisna na E-mail. Potnik ob rezervaciji sporo\u010di \u017eeleno uro odhoda in prihoda (\u0161tevilko leta), vstopno lokacijo ter \u0161tevilo oseb. Tovrstna oblika prevoza ni vezana na vozni red. Prilagojena je izklju\u010dno potnikom, ki potrebujejo storitev iz naslova na letali\u0161\u010de oz. obratno brez dodatnih postankov ter dodatnih potnikov. Pri rezervaciji poti (iz letali\u0161\u010da na \u017eeleni naslov) voznik potnika po\u010daka z dogovorjenim pozdravnim znakom na prihodu v letali\u0161ki zgradbi po pristanku letala. Prevoz se opravi z udobnim&nbsp; kombi vozilom vi\u0161jega cenovnega razreda. Dodatne ugodnosti VIP PREVOZA: brezpla\u010dna dodatna prtljaga, brez dopla\u010dila za uporabo otro\u0161kega sede\u017ea ter stre\u0161nega kov\u010dka, neomejeno \u0161tevilo postankov v skladu s \u010dasovnico potovanja.<\/p>\n\n\n\n<p><\/p>\n\n\n\n<p><\/p>\n\n\n\n<h3 class=\"wp-block-heading\">5. \u010dlen \u2013 PLA\u010cILO STORITVE<\/h3>\n\n\n\n<p>Gotovinsko pla\u010dilo se lahko izvr\u0161i neposredno pred pri\u010detkom same vo\u017enje, za kar se izda ustrezen document o pla\u010dilu vo\u017enje. Druga\u010dne oblike pla\u010dila imajo pogodbene stranke, ki naro\u010dajo storitve izvajalca za svoje upravi\u010dence. V tem primeru je obvezen dokument prejeta naro\u010dnica ali pogodba podjetja ter pisno naro\u010dilo v obliki e-sporo\u010dila. Spisek potnikov je v tem primeru tudi obvezna sestavina naro\u010dila. Pogodbeni partnerji so upravi\u010deni do pla\u010dila ra\u010duna v dogovorjenem roku (po pogodbi) ali datumom dolo\u010denim na izdanem ra\u010dunu.<\/p>\n\n\n\n<p><\/p>\n\n\n\n<p><\/p>\n\n\n\n<h3 class=\"wp-block-heading\">6. \u010dlen \u2013 ODPOVEDI<\/h3>\n\n\n\n<p>V primeru nenadnih ali nepri\u010dakovanih odpovedi zaradi npr. sprememba ali prerutacija prihoda letala na drugo letali\u0161\u010de kot je bilo rezervirano in vpla\u010dano; izguba ali zamuda leta v prihodu (po lastni krivdi); izvajalec ni dol\u017ean vrniti vpla\u010dila za omenjeno storitev.<\/p>\n\n\n\n<p><\/p>\n\n\n\n<p><\/p>\n\n\n\n<h3 class=\"wp-block-heading\">7. \u010dlen \u2013 ZA\u010cETEK VO\u017dNJE<\/h3>\n\n\n\n<p>Za\u010detek vo\u017enje je za\u010detek vo\u017enje definiran s trenutkom, ko naro\u010dnik in izvajalec skleneta pisni dogovor o storitvi. Ko naro\u010dnik zasede svoje mesto v vozilu, lahko voznik fizi\u010dno za\u010dne s premikom vozila v smeri dogovorjene destinacije.<\/p>\n\n\n\n<p>Voznik ne odgovarja za osebne stvari izgubljene ali pozabljene v vozilu.<\/p>\n\n\n\n<p><\/p>\n\n\n\n<p><\/p>\n\n\n\n<h3 class=\"wp-block-heading\">8. \u010dlen \u2013 PREKINITEV VO\u017dNJE<\/h3>\n\n\n\n<p>Prekinitev vo\u017enje med za\u010detno in kon\u010dno destinacijo pomeni postanek, pri \u010demer vozilo zapustijo vsi potniki. Na kraj\u0161ih poteh do 200 Km je predviden postanek do 15 min, ter do 30 min na dalj\u0161ih poteh. Za postanke, ki bi trajali dlje, se voznik vsakokratno dogovori s potniki, pri \u010demer je potrebno soglasje vseh. Ob prepogostih postankih na izrecno \u017eeljo potnikov voznik ne odgovarja za morebitne zamude na kon\u010dno destinacijo.<\/p>\n\n\n\n<p><\/p>\n\n\n\n<p><\/p>\n\n\n\n<h3 class=\"wp-block-heading\">9. \u010dlen \u2013 KONEC VO\u017dNJE<\/h3>\n\n\n\n<p>Konec vo\u017enje nastopi takrat, ko na kon\u010dni destinaciji vozilo zapustijo vsi potniki.<\/p>\n\n\n\n<p><\/p>\n\n\n\n<p><\/p>\n\n\n\n<h3 class=\"wp-block-heading\">10.\u010dlen \u2013 OKVARA VOZILA<\/h3>\n\n\n\n<p>Okvara vozila izvajalcu nalaga obveznost priskrbe nadomestnega prevoza na svoje stro\u0161ke. V primeru kadar nadomestno vozilo ni mo\u017eno priskrbeti v roku 4 ur od prekinitve vo\u017enje zaradi okvare, uporabniku povrne stro\u0161ke prevoza ali storitve v celoti.<\/p>\n\n\n\n<p>Uporabnik v primeru okvare vozila na povrnitev drugih stro\u0161kov kot teh navedenih, ni upravi\u010den.<\/p>\n\n\n\n<p>Okvara vozila ter vpliv vi\u0161je sile, ni razlog za od\u0161kodnino.<\/p>\n\n\n\n<p><\/p>\n\n\n\n<p><\/p>\n\n\n\n<h3 class=\"wp-block-heading\">11. \u010dlen \u2013 VARNOST IN ODGOVORNOST<\/h3>\n\n\n\n<p>Vsa vozila imajo licenco za prevoz potnikov, so ustrezno pregledana in so v skladu z zakonodajo REPUBLIKE SLOVENIJE, nezgodno zavarovanje potnikov je vklju\u010deno v ceno prevoza. Vsa vozila imajo tudi AVTO ASISTENCO ZAVAROVALNICE SAVA d.d..<\/p>\n\n\n\n<p>Dodatne dol\u017enosti voznika vozila nalagajo obveznost ravnanja v smislu dobrega gospodarja tako v odnosu do vozila kot do potnikov. V primeru nevarnega vedenja potnikov pri \u010demer s tem ravnanjem lahko sebi in drugim povzro\u010dijo telesne po\u0161kodbe, je voznik obvezen zaustaviti vo\u017enjo, ter pred nadaljevanjem vo\u017enje zavarovati varnost ostalih potnikov in vozila.<\/p>\n\n\n\n<p><\/p>\n\n\n\n<p><\/p>\n\n\n\n<h3 class=\"wp-block-heading\">12. \u010dlen \u2013 PRTLJAGA<\/h3>\n\n\n\n<p>Naro\u010dnik prevoza je upravi\u010den do 1 kosa ro\u010dne prtljage 10 kg in 1 kosa osebne prtljage do 25 kg. Ob predhodni najavi ali rezervaciji ter dopla\u010dilu je mo\u017ena dodatna prtljaga.<\/p>\n\n\n\n<p>V kombi vozilo ni dovoljeno vna\u0161anje in preva\u017eanje nevarnih snovi in substanc ali snovi, katere so prepovedan z zakonom v vseh dr\u017eavah po katerih bo potekalo potovanje.<\/p>\n\n\n\n<p><\/p>\n\n\n\n<p><\/p>\n\n\n\n<h3 class=\"wp-block-heading\">13. \u010dlen \u2013 ODPOVED PREVOZA S STRANI IZVAJALCA<\/h3>\n\n\n\n<p>Zanj \u0161teje vsaka odpoved prevoza izvajalca. Izvajalec lahko delno ali v celoti odpove prevoz, \u010de pred ali med njegovo izvedbo nastopijo okoli\u0161\u010dine, katerim se ni bilo mogo\u010de izogniti, jih predvideti ali prepre\u010diti. Izvajalec lahko odpove vo\u017enjo tudi v primeru, da se ni prijavilo najmanj\u0161e potrebno \u0161tevilo potnikov oz. v primeru, da ostali prijavljeni niso pla\u010dali akontacije prevoza. Izvajalec je uporabnike dol\u017ean obvestiti o odpovedi najmanj 2 dni pred pri\u010detkom prevoza in jim v celoti vrniti vpla\u010dani denar.<\/p>\n\n\n\n<p><\/p>\n\n\n\n<p><\/p>\n\n\n\n<h3 class=\"wp-block-heading\">14. \u010dlen \u2013 ODPOVED PREVOZA S STRANI NARO\u010cNIKA<\/h3>\n\n\n\n<p>Naro\u010dnikova odpoved potovanja mora biti opravljena pisno, ustrezna je tudi oblika elektronske po\u0161te.<\/p>\n\n\n\n<p>Datum pisne odpovedi je osnova za obra\u010dun stro\u0161kov stornacije, ki zna\u0161ajo: do 14dni pred odhodom na destinacijo odpovedni stro\u0161ki zna\u0161ajo 50% cene prevoza, za odpoved prevoza manj kot 7 dni pred odhodom so odpovedni stro\u0161ki 100% cene prevoza.<\/p>\n\n\n\n<p><\/p>\n\n\n\n<p><\/p>\n\n\n\n<h3 class=\"wp-block-heading\">15. \u010dlen \u2013 VAROVANJE OSEBNIH PODATKOV<\/h3>\n\n\n\n<p>Varovanje osebnih podatkov na\u0161ih uporabnikov je pomembna skrb na\u0161ega podjetja. Va\u0161i podatki so ves \u010das za\u0161\u010diteni pred izgubo, uni\u010denjem, ponarejanjem, manipuliranjem in neavtoriziranim odkritjem. Nikoli ne bomo zlorabljali va\u0161ih osebnih podatkov na kakr\u0161en koli na\u010din.<\/p>\n\n\n\n<p><\/p>\n\n\n\n<p><\/p>\n\n\n\n<h3 class=\"wp-block-heading\">16. \u010dlen \u2013 POPUSTI<\/h3>\n\n\n\n<p>Popuste se pogodbeni stranki dogovorita pred opravljanjem prevoza. Akcijske cene in dodatno ponudbo dolo\u010di podjetje VE.DA.PLUS d.o.o., ter le te razlo\u010dno navede v ceniku ponudbe.<\/p>\n","protected":false},"excerpt":{"rendered":"<p>Splo\u0161ni pogoji storitev podjetja VE.DA.PLUS d.o.o. Ponudba: prevoz oseb, najem vozila z voznikom, najem voznika IZVAJALEC STORITEV: VE.DA.PLUS&nbsp; d.o.o. (v nadaljevanju izvajalec), \u017digoni 25,5292 Ren\u010de, Slovenija, SI 80285562 1. \u010dlen \u2013\u00a0 IZVAJALEC Izvajalec VE.DA.PLUS d,o,o,- prevoze izvaja storitve z vozili po veljavnih predpisih, ki urejajo podro\u010dje storitev. Skladno s tem izda splo\u0161ne pogoje storitev, ki [&hellip;]<\/p>\n","protected":false},"author":1,"featured_media":0,"parent":0,"menu_order":0,"comment_status":"closed","ping_status":"closed","template":"","meta":{"_acf_changed":false,"footnotes":""},"class_list":["post-482","page","type-page","status-publish","hentry"],"acf":[],"yoast_head":"<!-- This site is optimized with the Yoast SEO plugin v26.1.1 - https:\/\/yoast.com\/wordpress\/plugins\/seo\/ -->\n<title>Politica sulla riservatezza - Veda Bus<\/title>\n<meta name=\"robots\" content=\"index, follow, max-snippet:-1, max-image-preview:large, max-video-preview:-1\" \/>\n<link rel=\"canonical\" href=\"https:\/\/prevozi-veda.com\/it\/politica-sulla-riservatezza\/\" \/>\n<meta property=\"og:locale\" content=\"it_IT\" \/>\n<meta property=\"og:type\" content=\"article\" \/>\n<meta property=\"og:title\" content=\"Politica sulla riservatezza - Veda Bus\" \/>\n<meta property=\"og:description\" content=\"Splo\u0161ni pogoji storitev podjetja VE.DA.PLUS d.o.o. Ponudba: prevoz oseb, najem vozila z voznikom, najem voznika IZVAJALEC STORITEV: VE.DA.PLUS&nbsp; d.o.o. (v nadaljevanju izvajalec), \u017digoni 25,5292 Ren\u010de, Slovenija, SI 80285562 1. \u010dlen \u2013\u00a0 IZVAJALEC Izvajalec VE.DA.PLUS d,o,o,- prevoze izvaja storitve z vozili po veljavnih predpisih, ki urejajo podro\u010dje storitev. Skladno s tem izda splo\u0161ne pogoje storitev, ki [&hellip;]\" \/>\n<meta property=\"og:url\" content=\"https:\/\/prevozi-veda.com\/it\/politica-sulla-riservatezza\/\" \/>\n<meta property=\"og:site_name\" content=\"Veda Bus\" \/>\n<meta property=\"article:modified_time\" content=\"2024-05-17T11:54:40+00:00\" \/>\n<meta name=\"twitter:card\" content=\"summary_large_image\" \/>\n<meta name=\"twitter:label1\" content=\"Tempo di lettura stimato\" \/>\n\t<meta name=\"twitter:data1\" content=\"6 minuti\" \/>\n<script type=\"application\/ld+json\" class=\"yoast-schema-graph\">{\"@context\":\"https:\/\/schema.org\",\"@graph\":[{\"@type\":\"WebPage\",\"@id\":\"https:\/\/prevozi-veda.com\/it\/politica-sulla-riservatezza\/\",\"url\":\"https:\/\/prevozi-veda.com\/it\/politica-sulla-riservatezza\/\",\"name\":\"Politica sulla riservatezza - Veda Bus\",\"isPartOf\":{\"@id\":\"https:\/\/prevozi-veda.com\/it\/#website\"},\"datePublished\":\"2024-03-20T08:28:31+00:00\",\"dateModified\":\"2024-05-17T11:54:40+00:00\",\"breadcrumb\":{\"@id\":\"https:\/\/prevozi-veda.com\/it\/politica-sulla-riservatezza\/#breadcrumb\"},\"inLanguage\":\"it-IT\",\"potentialAction\":[{\"@type\":\"ReadAction\",\"target\":[\"https:\/\/prevozi-veda.com\/it\/politica-sulla-riservatezza\/\"]}]},{\"@type\":\"BreadcrumbList\",\"@id\":\"https:\/\/prevozi-veda.com\/it\/politica-sulla-riservatezza\/#breadcrumb\",\"itemListElement\":[{\"@type\":\"ListItem\",\"position\":1,\"name\":\"Home\",\"item\":\"https:\/\/prevozi-veda.com\/it\/\"},{\"@type\":\"ListItem\",\"position\":2,\"name\":\"Politica sulla riservatezza\"}]},{\"@type\":\"WebSite\",\"@id\":\"https:\/\/prevozi-veda.com\/it\/#website\",\"url\":\"https:\/\/prevozi-veda.com\/it\/\",\"name\":\"Veda Bus\",\"description\":\"\",\"potentialAction\":[{\"@type\":\"SearchAction\",\"target\":{\"@type\":\"EntryPoint\",\"urlTemplate\":\"https:\/\/prevozi-veda.com\/it\/?s={search_term_string}\"},\"query-input\":{\"@type\":\"PropertyValueSpecification\",\"valueRequired\":true,\"valueName\":\"search_term_string\"}}],\"inLanguage\":\"it-IT\"}]}<\/script>\n<!-- \/ Yoast SEO plugin. -->","yoast_head_json":{"title":"Politica sulla riservatezza - Veda Bus","robots":{"index":"index","follow":"follow","max-snippet":"max-snippet:-1","max-image-preview":"max-image-preview:large","max-video-preview":"max-video-preview:-1"},"canonical":"https:\/\/prevozi-veda.com\/it\/politica-sulla-riservatezza\/","og_locale":"it_IT","og_type":"article","og_title":"Politica sulla riservatezza - Veda Bus","og_description":"Splo\u0161ni pogoji storitev podjetja VE.DA.PLUS d.o.o. Ponudba: prevoz oseb, najem vozila z voznikom, najem voznika IZVAJALEC STORITEV: VE.DA.PLUS&nbsp; d.o.o. (v nadaljevanju izvajalec), \u017digoni 25,5292 Ren\u010de, Slovenija, SI 80285562 1. \u010dlen \u2013\u00a0 IZVAJALEC Izvajalec VE.DA.PLUS d,o,o,- prevoze izvaja storitve z vozili po veljavnih predpisih, ki urejajo podro\u010dje storitev. Skladno s tem izda splo\u0161ne pogoje storitev, ki [&hellip;]","og_url":"https:\/\/prevozi-veda.com\/it\/politica-sulla-riservatezza\/","og_site_name":"Veda Bus","article_modified_time":"2024-05-17T11:54:40+00:00","twitter_card":"summary_large_image","twitter_misc":{"Tempo di lettura stimato":"6 minuti"},"schema":{"@context":"https:\/\/schema.org","@graph":[{"@type":"WebPage","@id":"https:\/\/prevozi-veda.com\/it\/politica-sulla-riservatezza\/","url":"https:\/\/prevozi-veda.com\/it\/politica-sulla-riservatezza\/","name":"Politica sulla riservatezza - Veda Bus","isPartOf":{"@id":"https:\/\/prevozi-veda.com\/it\/#website"},"datePublished":"2024-03-20T08:28:31+00:00","dateModified":"2024-05-17T11:54:40+00:00","breadcrumb":{"@id":"https:\/\/prevozi-veda.com\/it\/politica-sulla-riservatezza\/#breadcrumb"},"inLanguage":"it-IT","potentialAction":[{"@type":"ReadAction","target":["https:\/\/prevozi-veda.com\/it\/politica-sulla-riservatezza\/"]}]},{"@type":"BreadcrumbList","@id":"https:\/\/prevozi-veda.com\/it\/politica-sulla-riservatezza\/#breadcrumb","itemListElement":[{"@type":"ListItem","position":1,"name":"Home","item":"https:\/\/prevozi-veda.com\/it\/"},{"@type":"ListItem","position":2,"name":"Politica sulla riservatezza"}]},{"@type":"WebSite","@id":"https:\/\/prevozi-veda.com\/it\/#website","url":"https:\/\/prevozi-veda.com\/it\/","name":"Veda Bus","description":"","potentialAction":[{"@type":"SearchAction","target":{"@type":"EntryPoint","urlTemplate":"https:\/\/prevozi-veda.com\/it\/?s={search_term_string}"},"query-input":{"@type":"PropertyValueSpecification","valueRequired":true,"valueName":"search_term_string"}}],"inLanguage":"it-IT"}]}},"_links":{"self":[{"href":"https:\/\/prevozi-veda.com\/it\/wp-json\/wp\/v2\/pages\/482","targetHints":{"allow":["GET"]}}],"collection":[{"href":"https:\/\/prevozi-veda.com\/it\/wp-json\/wp\/v2\/pages"}],"about":[{"href":"https:\/\/prevozi-veda.com\/it\/wp-json\/wp\/v2\/types\/page"}],"author":[{"embeddable":true,"href":"https:\/\/prevozi-veda.com\/it\/wp-json\/wp\/v2\/users\/1"}],"replies":[{"embeddable":true,"href":"https:\/\/prevozi-veda.com\/it\/wp-json\/wp\/v2\/comments?post=482"}],"version-history":[{"count":1,"href":"https:\/\/prevozi-veda.com\/it\/wp-json\/wp\/v2\/pages\/482\/revisions"}],"predecessor-version":[{"id":483,"href":"https:\/\/prevozi-veda.com\/it\/wp-json\/wp\/v2\/pages\/482\/revisions\/483"}],"wp:attachment":[{"href":"https:\/\/prevozi-veda.com\/it\/wp-json\/wp\/v2\/media?parent=482"}],"curies":[{"name":"wp","href":"https:\/\/api.w.org\/{rel}","templated":true}]}}